{"id":148445,"date":"2021-12-16T10:56:03","date_gmt":"2021-12-16T07:56:03","guid":{"rendered":"https:\/\/aga.com.tr\/agaoglu-door-window-blog\/"},"modified":"2023-04-13T09:06:20","modified_gmt":"2023-04-13T06:06:20","slug":"agaoglu-door-window-blog","status":"publish","type":"page","link":"https:\/\/aga.com.tr\/en\/agaoglu-door-window-blog\/","title":{"rendered":"Agaoglu Door Window Blog"},"content":{"rendered":"\t\t<div data-elementor-type=\"wp-post\" data-elementor-id=\"148445\" class=\"elementor elementor-148445 elementor-19425\">\n\t\t\t\t\t\t<section class=\"elementor-section elementor-top-section elementor-element elementor-element-b2a2d59 elementor-section-full_width elementor-section-height-default elementor-section-height-default\" data-id=\"b2a2d59\" data-element_type=\"section\" data-e-type=\"section\" data-settings=\"{&quot;jet_parallax_layout_list&quot;:[{&quot;jet_parallax_layout_image&quot;:{&quot;url&quot;:&quot;&quot;,&quot;id&quot;:&quot;&quot;,&quot;size&quot;:&quot;&quot;},&quot;_id&quot;:&quot;9e0a04f&quot;,&quot;jet_parallax_layout_image_tablet&quot;:{&quot;url&quot;:&quot;&quot;,&quot;id&quot;:&quot;&quot;,&quot;size&quot;:&quot;&quot;},&quot;jet_parallax_layout_image_mobile&quot;:{&quot;url&quot;:&quot;&quot;,&quot;id&quot;:&quot;&quot;,&quot;size&quot;:&quot;&quot;},&quot;jet_parallax_layout_speed&quot;:{&quot;unit&quot;:&quot;%&quot;,&quot;size&quot;:50,&quot;sizes&quot;:[]},&quot;jet_parallax_layout_type&quot;:&quot;scroll&quot;,&quot;jet_parallax_layout_direction&quot;:&quot;1&quot;,&quot;jet_parallax_layout_fx_direction&quot;:null,&quot;jet_parallax_layout_z_index&quot;:&quot;&quot;,&quot;jet_parallax_layout_bg_x&quot;:50,&quot;jet_parallax_layout_bg_x_tablet&quot;:&quot;&quot;,&quot;jet_parallax_layout_bg_x_mobile&quot;:&quot;&quot;,&quot;jet_parallax_layout_bg_y&quot;:50,&quot;jet_parallax_layout_bg_y_tablet&quot;:&quot;&quot;,&quot;jet_parallax_layout_bg_y_mobile&quot;:&quot;&quot;,&quot;jet_parallax_layout_bg_size&quot;:&quot;auto&quot;,&quot;jet_parallax_layout_bg_size_tablet&quot;:&quot;&quot;,&quot;jet_parallax_layout_bg_size_mobile&quot;:&quot;&quot;,&quot;jet_parallax_layout_animation_prop&quot;:&quot;transform&quot;,&quot;jet_parallax_layout_on&quot;:[&quot;desktop&quot;,&quot;tablet&quot;]}],&quot;background_background&quot;:&quot;classic&quot;}\">\n\t\t\t\t\t\t<div class=\"elementor-container elementor-column-gap-default\">\n\t\t\t\t\t<div class=\"elementor-column elementor-col-100 elementor-top-column elementor-element elementor-element-570b94a\" data-id=\"570b94a\" data-element_type=\"column\" data-e-type=\"column\">\n\t\t\t<div class=\"elementor-widget-wrap elementor-element-populated\">\n\t\t\t\t\t\t<div class=\"elementor-element elementor-element-a5d023d elementor-align-flex-start elementor-widget elementor-widget-raven-breadcrumbs\" data-id=\"a5d023d\" data-element_type=\"widget\" data-e-type=\"widget\" data-widget_type=\"raven-breadcrumbs.default\">\n\t\t\t\t<div class=\"elementor-widget-container\">\n\t\t\t\t\t<div class=\"raven-breadcrumbs raven-breadcrumbs-default\"><nav class=\"breadcrumb\">\t\t\t\t<span class=\"breadcrumb-item active\" aria-current=\"page\"><span>Home<\/span><\/span>\n\n\t\t\t\t<\/nav><\/div>\t\t\t\t<\/div>\n\t\t\t\t<\/div>\n\t\t\t\t<div class=\"elementor-element elementor-element-9b80ad1 elementor-widget elementor-widget-heading\" data-id=\"9b80ad1\" data-element_type=\"widget\" data-e-type=\"widget\" data-widget_type=\"heading.default\">\n\t\t\t\t<div class=\"elementor-widget-container\">\n\t\t\t\t\t<h1 class=\"elementor-heading-title elementor-size-xl\">Agaoglu Door Window Blog<\/h1>\t\t\t\t<\/div>\n\t\t\t\t<\/div>\n\t\t\t\t<div class=\"elementor-element elementor-element-259ffe2 elementor-widget elementor-widget-heading\" data-id=\"259ffe2\" data-element_type=\"widget\" data-e-type=\"widget\" data-widget_type=\"heading.default\">\n\t\t\t\t<div class=\"elementor-widget-container\">\n\t\t\t\t\t<p class=\"elementor-heading-title elementor-size-medium\">Why did we create this <i>PVC Window Blog?<\/i> You agree that a house will never be completed without the personal touch of a host. If you have bought a new house or are renovating the old one, if you are building a new house from scratch, the products you will use should be technically sufficient as well as suitable for your personal tastes.<\/p>\t\t\t\t<\/div>\n\t\t\t\t<\/div>\n\t\t\t\t<div class=\"elementor-element elementor-element-b737b00 elementor-widget elementor-widget-heading\" data-id=\"b737b00\" data-element_type=\"widget\" data-e-type=\"widget\" data-widget_type=\"heading.default\">\n\t\t\t\t<div class=\"elementor-widget-container\">\n\t\t\t\t\t<p class=\"elementor-heading-title elementor-size-medium\">We want to make suggestions that can guide you to your choice of <i>PVC Windows<\/i> that you need for your home and to contribute to making the right choices. <i>PVC Window Blog<\/i> You can contact us for any topics you want to see in our .<\/p>\t\t\t\t<\/div>\n\t\t\t\t<\/div>\n\t\t\t\t<section class=\"elementor-section elementor-inner-section elementor-element elementor-element-9667f7f elementor-section-full_width elementor-section-height-default elementor-section-height-default\" data-id=\"9667f7f\" data-element_type=\"section\" data-e-type=\"section\" data-settings=\"{&quot;jet_parallax_layout_list&quot;:[{&quot;jet_parallax_layout_image&quot;:{&quot;url&quot;:&quot;&quot;,&quot;id&quot;:&quot;&quot;,&quot;size&quot;:&quot;&quot;},&quot;_id&quot;:&quot;9a360e6&quot;,&quot;jet_parallax_layout_image_tablet&quot;:{&quot;url&quot;:&quot;&quot;,&quot;id&quot;:&quot;&quot;,&quot;size&quot;:&quot;&quot;},&quot;jet_parallax_layout_image_mobile&quot;:{&quot;url&quot;:&quot;&quot;,&quot;id&quot;:&quot;&quot;,&quot;size&quot;:&quot;&quot;},&quot;jet_parallax_layout_speed&quot;:{&quot;unit&quot;:&quot;%&quot;,&quot;size&quot;:50,&quot;sizes&quot;:[]},&quot;jet_parallax_layout_type&quot;:&quot;scroll&quot;,&quot;jet_parallax_layout_direction&quot;:&quot;1&quot;,&quot;jet_parallax_layout_fx_direction&quot;:null,&quot;jet_parallax_layout_z_index&quot;:&quot;&quot;,&quot;jet_parallax_layout_bg_x&quot;:50,&quot;jet_parallax_layout_bg_x_tablet&quot;:&quot;&quot;,&quot;jet_parallax_layout_bg_x_mobile&quot;:&quot;&quot;,&quot;jet_parallax_layout_bg_y&quot;:50,&quot;jet_parallax_layout_bg_y_tablet&quot;:&quot;&quot;,&quot;jet_parallax_layout_bg_y_mobile&quot;:&quot;&quot;,&quot;jet_parallax_layout_bg_size&quot;:&quot;auto&quot;,&quot;jet_parallax_layout_bg_size_tablet&quot;:&quot;&quot;,&quot;jet_parallax_layout_bg_size_mobile&quot;:&quot;&quot;,&quot;jet_parallax_layout_animation_prop&quot;:&quot;transform&quot;,&quot;jet_parallax_layout_on&quot;:[&quot;desktop&quot;,&quot;tablet&quot;]}]}\">\n\t\t\t\t\t\t<div class=\"elementor-container elementor-column-gap-default\">\n\t\t\t\t\t<div class=\"elementor-column elementor-col-33 elementor-inner-column elementor-element elementor-element-dfb173c\" data-id=\"dfb173c\" data-element_type=\"column\" data-e-type=\"column\">\n\t\t\t<div class=\"elementor-widget-wrap\">\n\t\t\t\t\t\t\t<\/div>\n\t\t<\/div>\n\t\t\t\t<div class=\"elementor-column elementor-col-33 elementor-inner-column elementor-element elementor-element-e00e342\" data-id=\"e00e342\" data-element_type=\"column\" data-e-type=\"column\">\n\t\t\t<div class=\"elementor-widget-wrap elementor-element-populated\">\n\t\t\t\t\t\t\t<\/div>\n\t\t<\/div>\n\t\t\t\t<div class=\"elementor-column elementor-col-33 elementor-inner-column elementor-element elementor-element-68aea5b\" data-id=\"68aea5b\" data-element_type=\"column\" data-e-type=\"column\">\n\t\t\t<div class=\"elementor-widget-wrap\">\n\t\t\t\t\t\t\t<\/div>\n\t\t<\/div>\n\t\t\t\t\t<\/div>\n\t\t<\/section>\n\t\t\t\t\t<\/div>\n\t\t<\/div>\n\t\t\t\t\t<\/div>\n\t\t<\/section>\n\t\t\t\t<section class=\"elementor-section elementor-top-section elementor-element elementor-element-16493a3 elementor-section-full_width elementor-section-content-middle elementor-section-height-default elementor-section-height-default\" data-id=\"16493a3\" data-element_type=\"section\" data-e-type=\"section\" data-settings=\"{&quot;jet_parallax_layout_list&quot;:[{&quot;jet_parallax_layout_image&quot;:{&quot;url&quot;:&quot;&quot;,&quot;id&quot;:&quot;&quot;,&quot;size&quot;:&quot;&quot;},&quot;_id&quot;:&quot;b6284eb&quot;,&quot;jet_parallax_layout_image_tablet&quot;:{&quot;url&quot;:&quot;&quot;,&quot;id&quot;:&quot;&quot;,&quot;size&quot;:&quot;&quot;},&quot;jet_parallax_layout_image_mobile&quot;:{&quot;url&quot;:&quot;&quot;,&quot;id&quot;:&quot;&quot;,&quot;size&quot;:&quot;&quot;},&quot;jet_parallax_layout_speed&quot;:{&quot;unit&quot;:&quot;%&quot;,&quot;size&quot;:50,&quot;sizes&quot;:[]},&quot;jet_parallax_layout_type&quot;:&quot;scroll&quot;,&quot;jet_parallax_layout_direction&quot;:&quot;1&quot;,&quot;jet_parallax_layout_fx_direction&quot;:null,&quot;jet_parallax_layout_z_index&quot;:&quot;&quot;,&quot;jet_parallax_layout_bg_x&quot;:50,&quot;jet_parallax_layout_bg_x_tablet&quot;:&quot;&quot;,&quot;jet_parallax_layout_bg_x_mobile&quot;:&quot;&quot;,&quot;jet_parallax_layout_bg_y&quot;:50,&quot;jet_parallax_layout_bg_y_tablet&quot;:&quot;&quot;,&quot;jet_parallax_layout_bg_y_mobile&quot;:&quot;&quot;,&quot;jet_parallax_layout_bg_size&quot;:&quot;auto&quot;,&quot;jet_parallax_layout_bg_size_tablet&quot;:&quot;&quot;,&quot;jet_parallax_layout_bg_size_mobile&quot;:&quot;&quot;,&quot;jet_parallax_layout_animation_prop&quot;:&quot;transform&quot;,&quot;jet_parallax_layout_on&quot;:[&quot;desktop&quot;,&quot;tablet&quot;]}],&quot;background_background&quot;:&quot;classic&quot;}\">\n\t\t\t\t\t\t<div class=\"elementor-container elementor-column-gap-no\">\n\t\t\t\t\t<div class=\"elementor-column elementor-col-100 elementor-top-column elementor-element elementor-element-f79020e\" data-id=\"f79020e\" data-element_type=\"column\" data-e-type=\"column\">\n\t\t\t<div class=\"elementor-widget-wrap elementor-element-populated\">\n\t\t\t\t\t\t<div class=\"elementor-element elementor-element-7118972 elementor-widget elementor-widget-heading\" data-id=\"7118972\" data-element_type=\"widget\" data-e-type=\"widget\" data-widget_type=\"heading.default\">\n\t\t\t\t<div class=\"elementor-widget-container\">\n\t\t\t\t\t<h2 class=\"elementor-heading-title elementor-size-large\"><a href=\"https:\/\/api.whatsapp.com\/send\/?phone=904442333&#038;text=Merhaba+hizmetinizle+ilgileniyorum&#038;app_absent=0\">You can reach our Pvc Window on 444 2 333 WhatsAPP.<\/a><\/h2>\t\t\t\t<\/div>\n\t\t\t\t<\/div>\n\t\t\t\t\t<\/div>\n\t\t<\/div>\n\t\t\t\t\t<\/div>\n\t\t<\/section>\n\t\t\t\t<\/div>\n\t\t","protected":false},"excerpt":{"rendered":"<p>Home Agaoglu Door Window Blog Why did we create this PVC Window Blog? You agree that a house will never be completed without the personal touch of a host. If you have bought a new house or are renovating the old one, if you are building a new house from scratch, the products you will [&hellip;]<\/p>\n","protected":false},"author":1,"featured_media":148603,"parent":0,"menu_order":0,"comment_status":"closed","ping_status":"closed","template":"elementor_header_footer","meta":{"_acf_changed":false,"inline_featured_image":false,"footnotes":""},"class_list":["post-148445","page","type-page","status-publish","has-post-thumbnail","hentry"],"acf":[],"yoast_head":"<!-- This site is optimized with the Yoast SEO Premium plugin v19.6 (Yoast SEO v27.4) - https:\/\/yoast.com\/product\/yoast-seo-premium-wordpress\/ -->\n<title>Agaoglu Door Window Blog - PVC Window Useful Information - PVC Prices<\/title>\n<meta name=\"description\" content=\"If you bought a new house or are renovating the old one, or are building a new one, do not buy windows without reading our PVC Window Blog.\" \/>\n<meta name=\"robots\" content=\"index, follow, max-snippet:-1, max-image-preview:large, max-video-preview:-1\" \/>\n<link rel=\"canonical\" href=\"https:\/\/aga.com.tr\/en\/agaoglu-door-window-blog\/\" \/>\n<meta property=\"og:locale\" content=\"en_US\" \/>\n<meta property=\"og:type\" content=\"article\" \/>\n<meta property=\"og:title\" content=\"Agaoglu Door Window Blog\" \/>\n<meta property=\"og:description\" content=\"If you bought a new house or are renovating the old one, or are building a new one, do not buy windows without reading our PVC Window Blog.\" \/>\n<meta property=\"og:url\" content=\"https:\/\/aga.com.tr\/en\/agaoglu-door-window-blog\/\" \/>\n<meta property=\"og:site_name\" content=\"PVC Pencere Fiyatlar\u0131 | PVC Fabrikas\u0131 | Egepen | Deceuninck\" \/>\n<meta property=\"article:modified_time\" content=\"2023-04-13T06:06:20+00:00\" \/>\n<meta property=\"og:image\" content=\"https:\/\/aga.com.tr\/wp-content\/uploads\/pvc-pencere-blog-agaoglu-winlife-gealan-pvc-pencere-kapi-sistemleri.jpg\" \/>\n\t<meta property=\"og:image:width\" content=\"400\" \/>\n\t<meta property=\"og:image:height\" content=\"202\" \/>\n\t<meta property=\"og:image:type\" content=\"image\/jpeg\" \/>\n<meta name=\"twitter:card\" content=\"summary_large_image\" \/>\n<meta name=\"twitter:label1\" content=\"Est. reading time\" \/>\n\t<meta name=\"twitter:data1\" content=\"1 minute\" \/>\n<script type=\"application\/ld+json\" class=\"yoast-schema-graph\">{\"@context\":\"https:\\\/\\\/schema.org\",\"@graph\":[{\"@type\":\"WebPage\",\"@id\":\"https:\\\/\\\/aga.com.tr\\\/en\\\/agaoglu-door-window-blog\\\/\",\"url\":\"https:\\\/\\\/aga.com.tr\\\/en\\\/agaoglu-door-window-blog\\\/\",\"name\":\"Agaoglu Door Window Blog - PVC Window Useful Information - PVC Prices\",\"isPartOf\":{\"@id\":\"https:\\\/\\\/aga.com.tr\\\/en\\\/#website\"},\"primaryImageOfPage\":{\"@id\":\"https:\\\/\\\/aga.com.tr\\\/en\\\/agaoglu-door-window-blog\\\/#primaryimage\"},\"image\":{\"@id\":\"https:\\\/\\\/aga.com.tr\\\/en\\\/agaoglu-door-window-blog\\\/#primaryimage\"},\"thumbnailUrl\":\"https:\\\/\\\/aga.com.tr\\\/wp-content\\\/uploads\\\/pvc-pencere-blog-agaoglu-winlife-gealan-pvc-pencere-kapi-sistemleri.jpg\",\"datePublished\":\"2021-12-16T07:56:03+00:00\",\"dateModified\":\"2023-04-13T06:06:20+00:00\",\"description\":\"If you bought a new house or are renovating the old one, or are building a new one, do not buy windows without reading our PVC Window Blog.\",\"breadcrumb\":{\"@id\":\"https:\\\/\\\/aga.com.tr\\\/en\\\/agaoglu-door-window-blog\\\/#breadcrumb\"},\"inLanguage\":\"en-US\",\"potentialAction\":[{\"@type\":\"ReadAction\",\"target\":[\"https:\\\/\\\/aga.com.tr\\\/en\\\/agaoglu-door-window-blog\\\/\"]}]},{\"@type\":\"ImageObject\",\"inLanguage\":\"en-US\",\"@id\":\"https:\\\/\\\/aga.com.tr\\\/en\\\/agaoglu-door-window-blog\\\/#primaryimage\",\"url\":\"https:\\\/\\\/aga.com.tr\\\/wp-content\\\/uploads\\\/pvc-pencere-blog-agaoglu-winlife-gealan-pvc-pencere-kapi-sistemleri.jpg\",\"contentUrl\":\"https:\\\/\\\/aga.com.tr\\\/wp-content\\\/uploads\\\/pvc-pencere-blog-agaoglu-winlife-gealan-pvc-pencere-kapi-sistemleri.jpg\",\"width\":400,\"height\":202,\"caption\":\"Pvc Window Blog\"},{\"@type\":\"BreadcrumbList\",\"@id\":\"https:\\\/\\\/aga.com.tr\\\/en\\\/agaoglu-door-window-blog\\\/#breadcrumb\",\"itemListElement\":[{\"@type\":\"ListItem\",\"position\":1,\"name\":\"Anasayfa\",\"item\":\"https:\\\/\\\/aga.com.tr\\\/en\\\/\"},{\"@type\":\"ListItem\",\"position\":2,\"name\":\"Agaoglu Door Window Blog\"}]},{\"@type\":\"WebSite\",\"@id\":\"https:\\\/\\\/aga.com.tr\\\/en\\\/#website\",\"url\":\"https:\\\/\\\/aga.com.tr\\\/en\\\/\",\"name\":\"PVC Pencere Fiyatlar\u0131 | PVC Fabrikas\u0131 | Egepen | Deceuninck\",\"description\":\"T\u00fcrkiye&#039;nin en b\u00fcy\u00fck PVC Pencere Kap\u0131 Fabrikas\u0131nda, Agaoglu kalitesi ve fiyatlar\u0131yla, Egepen Deceuninck Gealan profillerini \u00fcreterek, d\u00fcnyaya g\u00f6nderiyoruz.\",\"publisher\":{\"@id\":\"https:\\\/\\\/aga.com.tr\\\/en\\\/#organization\"},\"potentialAction\":[{\"@type\":\"SearchAction\",\"target\":{\"@type\":\"EntryPoint\",\"urlTemplate\":\"https:\\\/\\\/aga.com.tr\\\/en\\\/?s={search_term_string}\"},\"query-input\":{\"@type\":\"PropertyValueSpecification\",\"valueRequired\":true,\"valueName\":\"search_term_string\"}}],\"inLanguage\":\"en-US\"},{\"@type\":\"Organization\",\"@id\":\"https:\\\/\\\/aga.com.tr\\\/en\\\/#organization\",\"name\":\"PVC Pencere Fiyatlar\u0131 | PVC Fabrikas\u0131 | Egepen | Deceuninck\",\"url\":\"https:\\\/\\\/aga.com.tr\\\/en\\\/\",\"logo\":{\"@type\":\"ImageObject\",\"inLanguage\":\"en-US\",\"@id\":\"https:\\\/\\\/aga.com.tr\\\/en\\\/#\\\/schema\\\/logo\\\/image\\\/\",\"url\":\"https:\\\/\\\/aga.com.tr\\\/wp-content\\\/uploads\\\/2020\\\/10\\\/agaoglu-pvc-logo-1.svg\",\"contentUrl\":\"https:\\\/\\\/aga.com.tr\\\/wp-content\\\/uploads\\\/2020\\\/10\\\/agaoglu-pvc-logo-1.svg\",\"width\":144,\"height\":48,\"caption\":\"PVC Pencere Fiyatlar\u0131 | PVC Fabrikas\u0131 | Egepen | Deceuninck\"},\"image\":{\"@id\":\"https:\\\/\\\/aga.com.tr\\\/en\\\/#\\\/schema\\\/logo\\\/image\\\/\"}}]}<\/script>\n<!-- \/ Yoast SEO Premium plugin. -->","yoast_head_json":{"title":"Agaoglu Door Window Blog - PVC Window Useful Information - PVC Prices","description":"If you bought a new house or are renovating the old one, or are building a new one, do not buy windows without reading our PVC Window Blog.","robots":{"index":"index","follow":"follow","max-snippet":"max-snippet:-1","max-image-preview":"max-image-preview:large","max-video-preview":"max-video-preview:-1"},"canonical":"https:\/\/aga.com.tr\/en\/agaoglu-door-window-blog\/","og_locale":"en_US","og_type":"article","og_title":"Agaoglu Door Window Blog","og_description":"If you bought a new house or are renovating the old one, or are building a new one, do not buy windows without reading our PVC Window Blog.","og_url":"https:\/\/aga.com.tr\/en\/agaoglu-door-window-blog\/","og_site_name":"PVC Pencere Fiyatlar\u0131 | PVC Fabrikas\u0131 | Egepen | Deceuninck","article_modified_time":"2023-04-13T06:06:20+00:00","og_image":[{"width":400,"height":202,"url":"https:\/\/aga.com.tr\/wp-content\/uploads\/pvc-pencere-blog-agaoglu-winlife-gealan-pvc-pencere-kapi-sistemleri.jpg","type":"image\/jpeg"}],"twitter_card":"summary_large_image","twitter_misc":{"Est. reading time":"1 minute"},"schema":{"@context":"https:\/\/schema.org","@graph":[{"@type":"WebPage","@id":"https:\/\/aga.com.tr\/en\/agaoglu-door-window-blog\/","url":"https:\/\/aga.com.tr\/en\/agaoglu-door-window-blog\/","name":"Agaoglu Door Window Blog - PVC Window Useful Information - PVC Prices","isPartOf":{"@id":"https:\/\/aga.com.tr\/en\/#website"},"primaryImageOfPage":{"@id":"https:\/\/aga.com.tr\/en\/agaoglu-door-window-blog\/#primaryimage"},"image":{"@id":"https:\/\/aga.com.tr\/en\/agaoglu-door-window-blog\/#primaryimage"},"thumbnailUrl":"https:\/\/aga.com.tr\/wp-content\/uploads\/pvc-pencere-blog-agaoglu-winlife-gealan-pvc-pencere-kapi-sistemleri.jpg","datePublished":"2021-12-16T07:56:03+00:00","dateModified":"2023-04-13T06:06:20+00:00","description":"If you bought a new house or are renovating the old one, or are building a new one, do not buy windows without reading our PVC Window Blog.","breadcrumb":{"@id":"https:\/\/aga.com.tr\/en\/agaoglu-door-window-blog\/#breadcrumb"},"inLanguage":"en-US","potentialAction":[{"@type":"ReadAction","target":["https:\/\/aga.com.tr\/en\/agaoglu-door-window-blog\/"]}]},{"@type":"ImageObject","inLanguage":"en-US","@id":"https:\/\/aga.com.tr\/en\/agaoglu-door-window-blog\/#primaryimage","url":"https:\/\/aga.com.tr\/wp-content\/uploads\/pvc-pencere-blog-agaoglu-winlife-gealan-pvc-pencere-kapi-sistemleri.jpg","contentUrl":"https:\/\/aga.com.tr\/wp-content\/uploads\/pvc-pencere-blog-agaoglu-winlife-gealan-pvc-pencere-kapi-sistemleri.jpg","width":400,"height":202,"caption":"Pvc Window Blog"},{"@type":"BreadcrumbList","@id":"https:\/\/aga.com.tr\/en\/agaoglu-door-window-blog\/#breadcrumb","itemListElement":[{"@type":"ListItem","position":1,"name":"Anasayfa","item":"https:\/\/aga.com.tr\/en\/"},{"@type":"ListItem","position":2,"name":"Agaoglu Door Window Blog"}]},{"@type":"WebSite","@id":"https:\/\/aga.com.tr\/en\/#website","url":"https:\/\/aga.com.tr\/en\/","name":"PVC Pencere Fiyatlar\u0131 | PVC Fabrikas\u0131 | Egepen | Deceuninck","description":"T\u00fcrkiye&#039;nin en b\u00fcy\u00fck PVC Pencere Kap\u0131 Fabrikas\u0131nda, Agaoglu kalitesi ve fiyatlar\u0131yla, Egepen Deceuninck Gealan profillerini \u00fcreterek, d\u00fcnyaya g\u00f6nderiyoruz.","publisher":{"@id":"https:\/\/aga.com.tr\/en\/#organization"},"potentialAction":[{"@type":"SearchAction","target":{"@type":"EntryPoint","urlTemplate":"https:\/\/aga.com.tr\/en\/?s={search_term_string}"},"query-input":{"@type":"PropertyValueSpecification","valueRequired":true,"valueName":"search_term_string"}}],"inLanguage":"en-US"},{"@type":"Organization","@id":"https:\/\/aga.com.tr\/en\/#organization","name":"PVC Pencere Fiyatlar\u0131 | PVC Fabrikas\u0131 | Egepen | Deceuninck","url":"https:\/\/aga.com.tr\/en\/","logo":{"@type":"ImageObject","inLanguage":"en-US","@id":"https:\/\/aga.com.tr\/en\/#\/schema\/logo\/image\/","url":"https:\/\/aga.com.tr\/wp-content\/uploads\/2020\/10\/agaoglu-pvc-logo-1.svg","contentUrl":"https:\/\/aga.com.tr\/wp-content\/uploads\/2020\/10\/agaoglu-pvc-logo-1.svg","width":144,"height":48,"caption":"PVC Pencere Fiyatlar\u0131 | PVC Fabrikas\u0131 | Egepen | Deceuninck"},"image":{"@id":"https:\/\/aga.com.tr\/en\/#\/schema\/logo\/image\/"}}]}},"_links":{"self":[{"href":"https:\/\/aga.com.tr\/en\/wp-json\/wp\/v2\/pages\/148445","targetHints":{"allow":["GET"]}}],"collection":[{"href":"https:\/\/aga.com.tr\/en\/wp-json\/wp\/v2\/pages"}],"about":[{"href":"https:\/\/aga.com.tr\/en\/wp-json\/wp\/v2\/types\/page"}],"author":[{"embeddable":true,"href":"https:\/\/aga.com.tr\/en\/wp-json\/wp\/v2\/users\/1"}],"replies":[{"embeddable":true,"href":"https:\/\/aga.com.tr\/en\/wp-json\/wp\/v2\/comments?post=148445"}],"version-history":[{"count":3,"href":"https:\/\/aga.com.tr\/en\/wp-json\/wp\/v2\/pages\/148445\/revisions"}],"predecessor-version":[{"id":156592,"href":"https:\/\/aga.com.tr\/en\/wp-json\/wp\/v2\/pages\/148445\/revisions\/156592"}],"wp:featuredmedia":[{"embeddable":true,"href":"https:\/\/aga.com.tr\/en\/wp-json\/wp\/v2\/media\/148603"}],"wp:attachment":[{"href":"https:\/\/aga.com.tr\/en\/wp-json\/wp\/v2\/media?parent=148445"}],"curies":[{"name":"wp","href":"https:\/\/api.w.org\/{rel}","templated":true}]}}