{"id":148652,"date":"2021-12-16T11:16:08","date_gmt":"2021-12-16T08:16:08","guid":{"rendered":"https:\/\/aga.com.tr\/blog-tetingkap-pintu-agaoglu\/"},"modified":"2021-12-16T11:26:47","modified_gmt":"2021-12-16T08:26:47","slug":"blog-tetingkap-pintu-agaoglu","status":"publish","type":"page","link":"https:\/\/aga.com.tr\/ms\/blog-tetingkap-pintu-agaoglu\/","title":{"rendered":"Blog Tetingkap Pintu Agaoglu"},"content":{"rendered":"\t\t<div data-elementor-type=\"wp-post\" data-elementor-id=\"148652\" class=\"elementor elementor-148652 elementor-19425\">\n\t\t\t\t\t\t<section class=\"elementor-section elementor-top-section elementor-element elementor-element-b2a2d59 elementor-section-full_width elementor-section-height-default elementor-section-height-default\" data-id=\"b2a2d59\" data-element_type=\"section\" data-e-type=\"section\" data-settings=\"{&quot;jet_parallax_layout_list&quot;:[{&quot;jet_parallax_layout_image&quot;:{&quot;url&quot;:&quot;&quot;,&quot;id&quot;:&quot;&quot;,&quot;size&quot;:&quot;&quot;},&quot;_id&quot;:&quot;9e0a04f&quot;,&quot;jet_parallax_layout_image_tablet&quot;:{&quot;url&quot;:&quot;&quot;,&quot;id&quot;:&quot;&quot;,&quot;size&quot;:&quot;&quot;},&quot;jet_parallax_layout_image_mobile&quot;:{&quot;url&quot;:&quot;&quot;,&quot;id&quot;:&quot;&quot;,&quot;size&quot;:&quot;&quot;},&quot;jet_parallax_layout_speed&quot;:{&quot;unit&quot;:&quot;%&quot;,&quot;size&quot;:50,&quot;sizes&quot;:[]},&quot;jet_parallax_layout_type&quot;:&quot;scroll&quot;,&quot;jet_parallax_layout_direction&quot;:&quot;1&quot;,&quot;jet_parallax_layout_fx_direction&quot;:null,&quot;jet_parallax_layout_z_index&quot;:&quot;&quot;,&quot;jet_parallax_layout_bg_x&quot;:50,&quot;jet_parallax_layout_bg_x_tablet&quot;:&quot;&quot;,&quot;jet_parallax_layout_bg_x_mobile&quot;:&quot;&quot;,&quot;jet_parallax_layout_bg_y&quot;:50,&quot;jet_parallax_layout_bg_y_tablet&quot;:&quot;&quot;,&quot;jet_parallax_layout_bg_y_mobile&quot;:&quot;&quot;,&quot;jet_parallax_layout_bg_size&quot;:&quot;auto&quot;,&quot;jet_parallax_layout_bg_size_tablet&quot;:&quot;&quot;,&quot;jet_parallax_layout_bg_size_mobile&quot;:&quot;&quot;,&quot;jet_parallax_layout_animation_prop&quot;:&quot;transform&quot;,&quot;jet_parallax_layout_on&quot;:[&quot;desktop&quot;,&quot;tablet&quot;]}],&quot;background_background&quot;:&quot;classic&quot;}\">\n\t\t\t\t\t\t<div class=\"elementor-container elementor-column-gap-default\">\n\t\t\t\t\t<div class=\"elementor-column elementor-col-100 elementor-top-column elementor-element elementor-element-570b94a\" data-id=\"570b94a\" data-element_type=\"column\" data-e-type=\"column\">\n\t\t\t<div class=\"elementor-widget-wrap elementor-element-populated\">\n\t\t\t\t\t\t<div class=\"elementor-element elementor-element-a5d023d elementor-align-flex-start elementor-widget elementor-widget-raven-breadcrumbs\" data-id=\"a5d023d\" data-element_type=\"widget\" data-e-type=\"widget\" data-widget_type=\"raven-breadcrumbs.default\">\n\t\t\t\t<div class=\"elementor-widget-container\">\n\t\t\t\t\t<div class=\"raven-breadcrumbs raven-breadcrumbs-default\"><nav class=\"breadcrumb\">\t\t\t\t<span class=\"breadcrumb-item active\" aria-current=\"page\"><span>Home<\/span><\/span>\n\n\t\t\t\t<\/nav><\/div>\t\t\t\t<\/div>\n\t\t\t\t<\/div>\n\t\t\t\t<div class=\"elementor-element elementor-element-9b80ad1 elementor-widget elementor-widget-heading\" data-id=\"9b80ad1\" data-element_type=\"widget\" data-e-type=\"widget\" data-widget_type=\"heading.default\">\n\t\t\t\t<div class=\"elementor-widget-container\">\n\t\t\t\t\t<h1 class=\"elementor-heading-title elementor-size-xl\">A\u011fao\u011flu Kap\u0131 Pencere Blog<\/h1>\t\t\t\t<\/div>\n\t\t\t\t<\/div>\n\t\t\t\t<div class=\"elementor-element elementor-element-259ffe2 elementor-widget elementor-widget-heading\" data-id=\"259ffe2\" data-element_type=\"widget\" data-e-type=\"widget\" data-widget_type=\"heading.default\">\n\t\t\t\t<div class=\"elementor-widget-container\">\n\t\t\t\t\t<p class=\"elementor-heading-title elementor-size-medium\">Bu <i>PVC Pencere Blog<\/i> 'unu neden olu\u015fturduk? Bir ev sahibinin ki\u015fisel dokunu\u015fu olmadan bir evin asla tamamlanmayaca\u011f\u0131n\u0131 kabul edersiniz. Yeni bir ev sat\u0131n ald\u0131ysan\u0131z veya eskisini yeniliyorsan\u0131z, s\u0131f\u0131rdan yeni bir ev in\u015fa ediyorsan\u0131z, kullanaca\u011f\u0131n\u0131z \u00fcr\u00fcnler ki\u015fisel zevklerinize uygun oldu\u011fu kadar, teknik anlamda da yeterli olmal\u0131d\u0131r.<\/p>\t\t\t\t<\/div>\n\t\t\t\t<\/div>\n\t\t\t\t<div class=\"elementor-element elementor-element-b737b00 elementor-widget elementor-widget-heading\" data-id=\"b737b00\" data-element_type=\"widget\" data-e-type=\"widget\" data-widget_type=\"heading.default\">\n\t\t\t\t<div class=\"elementor-widget-container\">\n\t\t\t\t\t<p class=\"elementor-heading-title elementor-size-medium\">Eviniz i\u00e7in ihtiya\u00e7 duydu\u011funuz <i>PVC Pencere<\/i> se\u00e7iminiz i\u00e7in size rehberlik edebilecek \u00f6nerilerde bulunmak, do\u011fru tercihler yapman\u0131za katk\u0131 sa\u011flamak istiyoruz.  <i>PVC Pencere Blog<\/i> 'umuzda  g\u00f6rmek istedi\u011finiz konular i\u00e7in bizimle ileti\u015fime ge\u00e7ebilirsiniz.<\/p>\t\t\t\t<\/div>\n\t\t\t\t<\/div>\n\t\t\t\t<section class=\"elementor-section elementor-inner-section elementor-element elementor-element-9667f7f elementor-section-full_width elementor-section-height-default elementor-section-height-default\" data-id=\"9667f7f\" data-element_type=\"section\" data-e-type=\"section\" data-settings=\"{&quot;jet_parallax_layout_list&quot;:[{&quot;jet_parallax_layout_image&quot;:{&quot;url&quot;:&quot;&quot;,&quot;id&quot;:&quot;&quot;,&quot;size&quot;:&quot;&quot;},&quot;_id&quot;:&quot;9a360e6&quot;,&quot;jet_parallax_layout_image_tablet&quot;:{&quot;url&quot;:&quot;&quot;,&quot;id&quot;:&quot;&quot;,&quot;size&quot;:&quot;&quot;},&quot;jet_parallax_layout_image_mobile&quot;:{&quot;url&quot;:&quot;&quot;,&quot;id&quot;:&quot;&quot;,&quot;size&quot;:&quot;&quot;},&quot;jet_parallax_layout_speed&quot;:{&quot;unit&quot;:&quot;%&quot;,&quot;size&quot;:50,&quot;sizes&quot;:[]},&quot;jet_parallax_layout_type&quot;:&quot;scroll&quot;,&quot;jet_parallax_layout_direction&quot;:&quot;1&quot;,&quot;jet_parallax_layout_fx_direction&quot;:null,&quot;jet_parallax_layout_z_index&quot;:&quot;&quot;,&quot;jet_parallax_layout_bg_x&quot;:50,&quot;jet_parallax_layout_bg_x_tablet&quot;:&quot;&quot;,&quot;jet_parallax_layout_bg_x_mobile&quot;:&quot;&quot;,&quot;jet_parallax_layout_bg_y&quot;:50,&quot;jet_parallax_layout_bg_y_tablet&quot;:&quot;&quot;,&quot;jet_parallax_layout_bg_y_mobile&quot;:&quot;&quot;,&quot;jet_parallax_layout_bg_size&quot;:&quot;auto&quot;,&quot;jet_parallax_layout_bg_size_tablet&quot;:&quot;&quot;,&quot;jet_parallax_layout_bg_size_mobile&quot;:&quot;&quot;,&quot;jet_parallax_layout_animation_prop&quot;:&quot;transform&quot;,&quot;jet_parallax_layout_on&quot;:[&quot;desktop&quot;,&quot;tablet&quot;]}]}\">\n\t\t\t\t\t\t<div class=\"elementor-container elementor-column-gap-default\">\n\t\t\t\t\t<div class=\"elementor-column elementor-col-33 elementor-inner-column elementor-element elementor-element-dfb173c\" data-id=\"dfb173c\" data-element_type=\"column\" data-e-type=\"column\">\n\t\t\t<div class=\"elementor-widget-wrap\">\n\t\t\t\t\t\t\t<\/div>\n\t\t<\/div>\n\t\t\t\t<div class=\"elementor-column elementor-col-33 elementor-inner-column elementor-element elementor-element-e00e342\" data-id=\"e00e342\" data-element_type=\"column\" data-e-type=\"column\">\n\t\t\t<div class=\"elementor-widget-wrap elementor-element-populated\">\n\t\t\t\t\t\t\t<\/div>\n\t\t<\/div>\n\t\t\t\t<div class=\"elementor-column elementor-col-33 elementor-inner-column elementor-element elementor-element-68aea5b\" data-id=\"68aea5b\" data-element_type=\"column\" data-e-type=\"column\">\n\t\t\t<div class=\"elementor-widget-wrap\">\n\t\t\t\t\t\t\t<\/div>\n\t\t<\/div>\n\t\t\t\t\t<\/div>\n\t\t<\/section>\n\t\t\t\t\t<\/div>\n\t\t<\/div>\n\t\t\t\t\t<\/div>\n\t\t<\/section>\n\t\t\t\t<section class=\"elementor-section elementor-top-section elementor-element elementor-element-16493a3 elementor-section-full_width elementor-section-content-middle elementor-section-height-default elementor-section-height-default\" data-id=\"16493a3\" data-element_type=\"section\" data-e-type=\"section\" data-settings=\"{&quot;jet_parallax_layout_list&quot;:[{&quot;jet_parallax_layout_image&quot;:{&quot;url&quot;:&quot;&quot;,&quot;id&quot;:&quot;&quot;,&quot;size&quot;:&quot;&quot;},&quot;_id&quot;:&quot;b6284eb&quot;,&quot;jet_parallax_layout_image_tablet&quot;:{&quot;url&quot;:&quot;&quot;,&quot;id&quot;:&quot;&quot;,&quot;size&quot;:&quot;&quot;},&quot;jet_parallax_layout_image_mobile&quot;:{&quot;url&quot;:&quot;&quot;,&quot;id&quot;:&quot;&quot;,&quot;size&quot;:&quot;&quot;},&quot;jet_parallax_layout_speed&quot;:{&quot;unit&quot;:&quot;%&quot;,&quot;size&quot;:50,&quot;sizes&quot;:[]},&quot;jet_parallax_layout_type&quot;:&quot;scroll&quot;,&quot;jet_parallax_layout_direction&quot;:&quot;1&quot;,&quot;jet_parallax_layout_fx_direction&quot;:null,&quot;jet_parallax_layout_z_index&quot;:&quot;&quot;,&quot;jet_parallax_layout_bg_x&quot;:50,&quot;jet_parallax_layout_bg_x_tablet&quot;:&quot;&quot;,&quot;jet_parallax_layout_bg_x_mobile&quot;:&quot;&quot;,&quot;jet_parallax_layout_bg_y&quot;:50,&quot;jet_parallax_layout_bg_y_tablet&quot;:&quot;&quot;,&quot;jet_parallax_layout_bg_y_mobile&quot;:&quot;&quot;,&quot;jet_parallax_layout_bg_size&quot;:&quot;auto&quot;,&quot;jet_parallax_layout_bg_size_tablet&quot;:&quot;&quot;,&quot;jet_parallax_layout_bg_size_mobile&quot;:&quot;&quot;,&quot;jet_parallax_layout_animation_prop&quot;:&quot;transform&quot;,&quot;jet_parallax_layout_on&quot;:[&quot;desktop&quot;,&quot;tablet&quot;]}],&quot;background_background&quot;:&quot;classic&quot;}\">\n\t\t\t\t\t\t<div class=\"elementor-container elementor-column-gap-no\">\n\t\t\t\t\t<div class=\"elementor-column elementor-col-100 elementor-top-column elementor-element elementor-element-f79020e\" data-id=\"f79020e\" data-element_type=\"column\" data-e-type=\"column\">\n\t\t\t<div class=\"elementor-widget-wrap elementor-element-populated\">\n\t\t\t\t\t\t<div class=\"elementor-element elementor-element-7118972 elementor-widget elementor-widget-heading\" data-id=\"7118972\" data-element_type=\"widget\" data-e-type=\"widget\" data-widget_type=\"heading.default\">\n\t\t\t\t<div class=\"elementor-widget-container\">\n\t\t\t\t\t<h2 class=\"elementor-heading-title elementor-size-large\"><a href=\"https:\/\/api.whatsapp.com\/send\/?phone=904442333&#038;text=Merhaba+hizmetinizle+ilgileniyorum&#038;app_absent=0\">Pvc Pencere hakk\u0131nda 444 2 333 WhatsAPP hatt\u0131m\u0131za ula\u015fabilirsiniz.<\/a><\/h2>\t\t\t\t<\/div>\n\t\t\t\t<\/div>\n\t\t\t\t\t<\/div>\n\t\t<\/div>\n\t\t\t\t\t<\/div>\n\t\t<\/section>\n\t\t\t\t<\/div>\n\t\t","protected":false},"excerpt":{"rendered":"<p>Rumah Blog Tetingkap Pintu Agaoglu Mengapa kita membuat Blog Tetingkap PVC ini? Anda bersetuju bahawa rumah tidak akan selesai tanpa sentuhan peribadi tuan rumah. Sekiranya anda telah membeli rumah baru atau mengubahsuai rumah lama, jika anda membina rumah baru dari awal, produk yang akan anda gunakan harus mencukupi secara teknikal serta sesuai untuk citarasa peribadi [&hellip;]<\/p>\n","protected":false},"author":1,"featured_media":77318,"parent":0,"menu_order":0,"comment_status":"closed","ping_status":"closed","template":"elementor_header_footer","meta":{"_acf_changed":false,"inline_featured_image":false,"footnotes":""},"class_list":["post-148652","page","type-page","status-publish","has-post-thumbnail","hentry"],"acf":[],"yoast_head":"<!-- This site is optimized with the Yoast SEO Premium plugin v19.6 (Yoast SEO v27.4) - https:\/\/yoast.com\/product\/yoast-seo-premium-wordpress\/ -->\n<title>Blog Tetingkap Pintu Agaoglu tajuk - PVC Tetingkap Maklumat berguna - PVC Harga<\/title>\n<meta name=\"description\" content=\"Jika anda membeli rumah baru atau mengubahsuai yang lama, atau sedang membina yang baru, jangan beli tingkap tanpa membaca Blog Tetingkap PVC kami.\" \/>\n<meta name=\"robots\" content=\"index, follow, max-snippet:-1, max-image-preview:large, max-video-preview:-1\" \/>\n<link rel=\"canonical\" href=\"https:\/\/aga.com.tr\/ms\/blog-tetingkap-pintu-agaoglu\/\" \/>\n<meta property=\"og:locale\" content=\"ms_MY\" \/>\n<meta property=\"og:type\" content=\"article\" \/>\n<meta property=\"og:title\" content=\"Blog Tetingkap Pintu Agaoglu\" \/>\n<meta property=\"og:description\" content=\"Jika anda membeli rumah baru atau mengubahsuai yang lama, atau sedang membina yang baru, jangan beli tingkap tanpa membaca Blog Tetingkap PVC kami.\" \/>\n<meta property=\"og:url\" content=\"https:\/\/aga.com.tr\/ms\/blog-tetingkap-pintu-agaoglu\/\" \/>\n<meta property=\"og:site_name\" content=\"PVC Pencere Fiyatlar\u0131 | PVC Fabrikas\u0131 | Egepen | Deceuninck\" \/>\n<meta property=\"article:modified_time\" content=\"2021-12-16T08:26:47+00:00\" \/>\n<meta property=\"og:image\" content=\"https:\/\/aga.com.tr\/wp-content\/uploads\/pvc-pencere-blog-agaoglu-winlife-gealan-pvc-pencere-kapi-sistemleri.jpg\" \/>\n\t<meta property=\"og:image:width\" content=\"400\" \/>\n\t<meta property=\"og:image:height\" content=\"202\" \/>\n\t<meta property=\"og:image:type\" content=\"image\/jpeg\" \/>\n<meta name=\"twitter:card\" content=\"summary_large_image\" \/>\n<meta name=\"twitter:label1\" content=\"Est. reading time\" \/>\n\t<meta name=\"twitter:data1\" content=\"1 minit\" \/>\n<script type=\"application\/ld+json\" class=\"yoast-schema-graph\">{\"@context\":\"https:\\\/\\\/schema.org\",\"@graph\":[{\"@type\":\"WebPage\",\"@id\":\"https:\\\/\\\/aga.com.tr\\\/ms\\\/blog-tetingkap-pintu-agaoglu\\\/\",\"url\":\"https:\\\/\\\/aga.com.tr\\\/ms\\\/blog-tetingkap-pintu-agaoglu\\\/\",\"name\":\"Blog Tetingkap Pintu Agaoglu tajuk - PVC Tetingkap Maklumat berguna - PVC Harga\",\"isPartOf\":{\"@id\":\"https:\\\/\\\/aga.com.tr\\\/ms\\\/#website\"},\"primaryImageOfPage\":{\"@id\":\"https:\\\/\\\/aga.com.tr\\\/ms\\\/blog-tetingkap-pintu-agaoglu\\\/#primaryimage\"},\"image\":{\"@id\":\"https:\\\/\\\/aga.com.tr\\\/ms\\\/blog-tetingkap-pintu-agaoglu\\\/#primaryimage\"},\"thumbnailUrl\":\"https:\\\/\\\/aga.com.tr\\\/wp-content\\\/uploads\\\/pvc-pencere-blog-agaoglu-winlife-gealan-pvc-pencere-kapi-sistemleri.jpg\",\"datePublished\":\"2021-12-16T08:16:08+00:00\",\"dateModified\":\"2021-12-16T08:26:47+00:00\",\"description\":\"Jika anda membeli rumah baru atau mengubahsuai yang lama, atau sedang membina yang baru, jangan beli tingkap tanpa membaca Blog Tetingkap PVC kami.\",\"breadcrumb\":{\"@id\":\"https:\\\/\\\/aga.com.tr\\\/ms\\\/blog-tetingkap-pintu-agaoglu\\\/#breadcrumb\"},\"inLanguage\":\"ms-MY\",\"potentialAction\":[{\"@type\":\"ReadAction\",\"target\":[\"https:\\\/\\\/aga.com.tr\\\/ms\\\/blog-tetingkap-pintu-agaoglu\\\/\"]}]},{\"@type\":\"ImageObject\",\"inLanguage\":\"ms-MY\",\"@id\":\"https:\\\/\\\/aga.com.tr\\\/ms\\\/blog-tetingkap-pintu-agaoglu\\\/#primaryimage\",\"url\":\"https:\\\/\\\/aga.com.tr\\\/wp-content\\\/uploads\\\/pvc-pencere-blog-agaoglu-winlife-gealan-pvc-pencere-kapi-sistemleri.jpg\",\"contentUrl\":\"https:\\\/\\\/aga.com.tr\\\/wp-content\\\/uploads\\\/pvc-pencere-blog-agaoglu-winlife-gealan-pvc-pencere-kapi-sistemleri.jpg\",\"width\":400,\"height\":202,\"caption\":\"Blog Tetingkap Pvc\"},{\"@type\":\"BreadcrumbList\",\"@id\":\"https:\\\/\\\/aga.com.tr\\\/ms\\\/blog-tetingkap-pintu-agaoglu\\\/#breadcrumb\",\"itemListElement\":[{\"@type\":\"ListItem\",\"position\":1,\"name\":\"Anasayfa\",\"item\":\"https:\\\/\\\/aga.com.tr\\\/ms\\\/\"},{\"@type\":\"ListItem\",\"position\":2,\"name\":\"Blog Tetingkap Pintu Agaoglu\"}]},{\"@type\":\"WebSite\",\"@id\":\"https:\\\/\\\/aga.com.tr\\\/ms\\\/#website\",\"url\":\"https:\\\/\\\/aga.com.tr\\\/ms\\\/\",\"name\":\"PVC Pencere Fiyatlar\u0131 | PVC Fabrikas\u0131 | Egepen | Deceuninck\",\"description\":\"T\u00fcrkiye&#039;nin en b\u00fcy\u00fck PVC Pencere Kap\u0131 Fabrikas\u0131nda, Agaoglu kalitesi ve fiyatlar\u0131yla, Egepen Deceuninck Gealan profillerini \u00fcreterek, d\u00fcnyaya g\u00f6nderiyoruz.\",\"publisher\":{\"@id\":\"https:\\\/\\\/aga.com.tr\\\/ms\\\/#organization\"},\"potentialAction\":[{\"@type\":\"SearchAction\",\"target\":{\"@type\":\"EntryPoint\",\"urlTemplate\":\"https:\\\/\\\/aga.com.tr\\\/ms\\\/?s={search_term_string}\"},\"query-input\":{\"@type\":\"PropertyValueSpecification\",\"valueRequired\":true,\"valueName\":\"search_term_string\"}}],\"inLanguage\":\"ms-MY\"},{\"@type\":\"Organization\",\"@id\":\"https:\\\/\\\/aga.com.tr\\\/ms\\\/#organization\",\"name\":\"PVC Pencere Fiyatlar\u0131 | PVC Fabrikas\u0131 | Egepen | Deceuninck\",\"url\":\"https:\\\/\\\/aga.com.tr\\\/ms\\\/\",\"logo\":{\"@type\":\"ImageObject\",\"inLanguage\":\"ms-MY\",\"@id\":\"https:\\\/\\\/aga.com.tr\\\/ms\\\/#\\\/schema\\\/logo\\\/image\\\/\",\"url\":\"https:\\\/\\\/aga.com.tr\\\/wp-content\\\/uploads\\\/2020\\\/10\\\/agaoglu-pvc-logo-1.svg\",\"contentUrl\":\"https:\\\/\\\/aga.com.tr\\\/wp-content\\\/uploads\\\/2020\\\/10\\\/agaoglu-pvc-logo-1.svg\",\"width\":144,\"height\":48,\"caption\":\"PVC Pencere Fiyatlar\u0131 | PVC Fabrikas\u0131 | Egepen | Deceuninck\"},\"image\":{\"@id\":\"https:\\\/\\\/aga.com.tr\\\/ms\\\/#\\\/schema\\\/logo\\\/image\\\/\"}}]}<\/script>\n<!-- \/ Yoast SEO Premium plugin. -->","yoast_head_json":{"title":"Blog Tetingkap Pintu Agaoglu tajuk - PVC Tetingkap Maklumat berguna - PVC Harga","description":"Jika anda membeli rumah baru atau mengubahsuai yang lama, atau sedang membina yang baru, jangan beli tingkap tanpa membaca Blog Tetingkap PVC kami.","robots":{"index":"index","follow":"follow","max-snippet":"max-snippet:-1","max-image-preview":"max-image-preview:large","max-video-preview":"max-video-preview:-1"},"canonical":"https:\/\/aga.com.tr\/ms\/blog-tetingkap-pintu-agaoglu\/","og_locale":"ms_MY","og_type":"article","og_title":"Blog Tetingkap Pintu Agaoglu","og_description":"Jika anda membeli rumah baru atau mengubahsuai yang lama, atau sedang membina yang baru, jangan beli tingkap tanpa membaca Blog Tetingkap PVC kami.","og_url":"https:\/\/aga.com.tr\/ms\/blog-tetingkap-pintu-agaoglu\/","og_site_name":"PVC Pencere Fiyatlar\u0131 | PVC Fabrikas\u0131 | Egepen | Deceuninck","article_modified_time":"2021-12-16T08:26:47+00:00","og_image":[{"width":400,"height":202,"url":"https:\/\/aga.com.tr\/wp-content\/uploads\/pvc-pencere-blog-agaoglu-winlife-gealan-pvc-pencere-kapi-sistemleri.jpg","type":"image\/jpeg"}],"twitter_card":"summary_large_image","twitter_misc":{"Est. reading time":"1 minit"},"schema":{"@context":"https:\/\/schema.org","@graph":[{"@type":"WebPage","@id":"https:\/\/aga.com.tr\/ms\/blog-tetingkap-pintu-agaoglu\/","url":"https:\/\/aga.com.tr\/ms\/blog-tetingkap-pintu-agaoglu\/","name":"Blog Tetingkap Pintu Agaoglu tajuk - PVC Tetingkap Maklumat berguna - PVC Harga","isPartOf":{"@id":"https:\/\/aga.com.tr\/ms\/#website"},"primaryImageOfPage":{"@id":"https:\/\/aga.com.tr\/ms\/blog-tetingkap-pintu-agaoglu\/#primaryimage"},"image":{"@id":"https:\/\/aga.com.tr\/ms\/blog-tetingkap-pintu-agaoglu\/#primaryimage"},"thumbnailUrl":"https:\/\/aga.com.tr\/wp-content\/uploads\/pvc-pencere-blog-agaoglu-winlife-gealan-pvc-pencere-kapi-sistemleri.jpg","datePublished":"2021-12-16T08:16:08+00:00","dateModified":"2021-12-16T08:26:47+00:00","description":"Jika anda membeli rumah baru atau mengubahsuai yang lama, atau sedang membina yang baru, jangan beli tingkap tanpa membaca Blog Tetingkap PVC kami.","breadcrumb":{"@id":"https:\/\/aga.com.tr\/ms\/blog-tetingkap-pintu-agaoglu\/#breadcrumb"},"inLanguage":"ms-MY","potentialAction":[{"@type":"ReadAction","target":["https:\/\/aga.com.tr\/ms\/blog-tetingkap-pintu-agaoglu\/"]}]},{"@type":"ImageObject","inLanguage":"ms-MY","@id":"https:\/\/aga.com.tr\/ms\/blog-tetingkap-pintu-agaoglu\/#primaryimage","url":"https:\/\/aga.com.tr\/wp-content\/uploads\/pvc-pencere-blog-agaoglu-winlife-gealan-pvc-pencere-kapi-sistemleri.jpg","contentUrl":"https:\/\/aga.com.tr\/wp-content\/uploads\/pvc-pencere-blog-agaoglu-winlife-gealan-pvc-pencere-kapi-sistemleri.jpg","width":400,"height":202,"caption":"Blog Tetingkap Pvc"},{"@type":"BreadcrumbList","@id":"https:\/\/aga.com.tr\/ms\/blog-tetingkap-pintu-agaoglu\/#breadcrumb","itemListElement":[{"@type":"ListItem","position":1,"name":"Anasayfa","item":"https:\/\/aga.com.tr\/ms\/"},{"@type":"ListItem","position":2,"name":"Blog Tetingkap Pintu Agaoglu"}]},{"@type":"WebSite","@id":"https:\/\/aga.com.tr\/ms\/#website","url":"https:\/\/aga.com.tr\/ms\/","name":"PVC Pencere Fiyatlar\u0131 | PVC Fabrikas\u0131 | Egepen | Deceuninck","description":"T\u00fcrkiye&#039;nin en b\u00fcy\u00fck PVC Pencere Kap\u0131 Fabrikas\u0131nda, Agaoglu kalitesi ve fiyatlar\u0131yla, Egepen Deceuninck Gealan profillerini \u00fcreterek, d\u00fcnyaya g\u00f6nderiyoruz.","publisher":{"@id":"https:\/\/aga.com.tr\/ms\/#organization"},"potentialAction":[{"@type":"SearchAction","target":{"@type":"EntryPoint","urlTemplate":"https:\/\/aga.com.tr\/ms\/?s={search_term_string}"},"query-input":{"@type":"PropertyValueSpecification","valueRequired":true,"valueName":"search_term_string"}}],"inLanguage":"ms-MY"},{"@type":"Organization","@id":"https:\/\/aga.com.tr\/ms\/#organization","name":"PVC Pencere Fiyatlar\u0131 | PVC Fabrikas\u0131 | Egepen | Deceuninck","url":"https:\/\/aga.com.tr\/ms\/","logo":{"@type":"ImageObject","inLanguage":"ms-MY","@id":"https:\/\/aga.com.tr\/ms\/#\/schema\/logo\/image\/","url":"https:\/\/aga.com.tr\/wp-content\/uploads\/2020\/10\/agaoglu-pvc-logo-1.svg","contentUrl":"https:\/\/aga.com.tr\/wp-content\/uploads\/2020\/10\/agaoglu-pvc-logo-1.svg","width":144,"height":48,"caption":"PVC Pencere Fiyatlar\u0131 | PVC Fabrikas\u0131 | Egepen | Deceuninck"},"image":{"@id":"https:\/\/aga.com.tr\/ms\/#\/schema\/logo\/image\/"}}]}},"_links":{"self":[{"href":"https:\/\/aga.com.tr\/ms\/wp-json\/wp\/v2\/pages\/148652","targetHints":{"allow":["GET"]}}],"collection":[{"href":"https:\/\/aga.com.tr\/ms\/wp-json\/wp\/v2\/pages"}],"about":[{"href":"https:\/\/aga.com.tr\/ms\/wp-json\/wp\/v2\/types\/page"}],"author":[{"embeddable":true,"href":"https:\/\/aga.com.tr\/ms\/wp-json\/wp\/v2\/users\/1"}],"replies":[{"embeddable":true,"href":"https:\/\/aga.com.tr\/ms\/wp-json\/wp\/v2\/comments?post=148652"}],"version-history":[{"count":0,"href":"https:\/\/aga.com.tr\/ms\/wp-json\/wp\/v2\/pages\/148652\/revisions"}],"wp:featuredmedia":[{"embeddable":true,"href":"https:\/\/aga.com.tr\/ms\/wp-json\/wp\/v2\/media\/77318"}],"wp:attachment":[{"href":"https:\/\/aga.com.tr\/ms\/wp-json\/wp\/v2\/media?parent=148652"}],"curies":[{"name":"wp","href":"https:\/\/api.w.org\/{rel}","templated":true}]}}