{"id":149006,"date":"2021-12-16T11:29:10","date_gmt":"2021-12-16T08:29:10","guid":{"rendered":"https:\/\/aga.com.tr\/%e5%bc%95%e7%94%a8\/"},"modified":"2021-12-16T11:29:10","modified_gmt":"2021-12-16T08:29:10","slug":"%e5%bc%95%e7%94%a8","status":"publish","type":"page","link":"https:\/\/aga.com.tr\/zh-hans\/%e5%bc%95%e7%94%a8\/","title":{"rendered":"\u5f15\u7528"},"content":{"rendered":"\t\t<div data-elementor-type=\"wp-post\" data-elementor-id=\"149006\" class=\"elementor elementor-149006 elementor-19559\">\n\t\t\t\t\t\t<section class=\"elementor-section elementor-top-section elementor-element elementor-element-b2a2d59 elementor-section-full_width elementor-section-height-default elementor-section-height-default\" data-id=\"b2a2d59\" data-element_type=\"section\" data-e-type=\"section\" data-settings=\"{&quot;jet_parallax_layout_list&quot;:[{&quot;jet_parallax_layout_image&quot;:{&quot;url&quot;:&quot;&quot;,&quot;id&quot;:&quot;&quot;,&quot;size&quot;:&quot;&quot;},&quot;_id&quot;:&quot;9e0a04f&quot;,&quot;jet_parallax_layout_image_tablet&quot;:{&quot;url&quot;:&quot;&quot;,&quot;id&quot;:&quot;&quot;,&quot;size&quot;:&quot;&quot;},&quot;jet_parallax_layout_image_mobile&quot;:{&quot;url&quot;:&quot;&quot;,&quot;id&quot;:&quot;&quot;,&quot;size&quot;:&quot;&quot;},&quot;jet_parallax_layout_speed&quot;:{&quot;unit&quot;:&quot;%&quot;,&quot;size&quot;:50,&quot;sizes&quot;:[]},&quot;jet_parallax_layout_type&quot;:&quot;scroll&quot;,&quot;jet_parallax_layout_direction&quot;:&quot;1&quot;,&quot;jet_parallax_layout_fx_direction&quot;:null,&quot;jet_parallax_layout_z_index&quot;:&quot;&quot;,&quot;jet_parallax_layout_bg_x&quot;:50,&quot;jet_parallax_layout_bg_x_tablet&quot;:&quot;&quot;,&quot;jet_parallax_layout_bg_x_mobile&quot;:&quot;&quot;,&quot;jet_parallax_layout_bg_y&quot;:50,&quot;jet_parallax_layout_bg_y_tablet&quot;:&quot;&quot;,&quot;jet_parallax_layout_bg_y_mobile&quot;:&quot;&quot;,&quot;jet_parallax_layout_bg_size&quot;:&quot;auto&quot;,&quot;jet_parallax_layout_bg_size_tablet&quot;:&quot;&quot;,&quot;jet_parallax_layout_bg_size_mobile&quot;:&quot;&quot;,&quot;jet_parallax_layout_animation_prop&quot;:&quot;transform&quot;,&quot;jet_parallax_layout_on&quot;:[&quot;desktop&quot;,&quot;tablet&quot;]}],&quot;background_background&quot;:&quot;classic&quot;}\">\n\t\t\t\t\t\t<div class=\"elementor-container elementor-column-gap-default\">\n\t\t\t\t\t<div class=\"elementor-column elementor-col-100 elementor-top-column elementor-element elementor-element-570b94a\" data-id=\"570b94a\" data-element_type=\"column\" data-e-type=\"column\">\n\t\t\t<div class=\"elementor-widget-wrap elementor-element-populated\">\n\t\t\t\t\t\t<div class=\"elementor-element elementor-element-a5d023d elementor-align-flex-start elementor-widget elementor-widget-raven-breadcrumbs\" data-id=\"a5d023d\" data-element_type=\"widget\" data-e-type=\"widget\" data-widget_type=\"raven-breadcrumbs.default\">\n\t\t\t\t<div class=\"elementor-widget-container\">\n\t\t\t\t\t<div class=\"raven-breadcrumbs raven-breadcrumbs-default\"><nav class=\"breadcrumb\">\t\t\t\t<span class=\"breadcrumb-item active\" aria-current=\"page\"><span>Home<\/span><\/span>\n\n\t\t\t\t<\/nav><\/div>\t\t\t\t<\/div>\n\t\t\t\t<\/div>\n\t\t\t\t<div class=\"elementor-element elementor-element-9b80ad1 elementor-widget elementor-widget-heading\" data-id=\"9b80ad1\" data-element_type=\"widget\" data-e-type=\"widget\" data-widget_type=\"heading.default\">\n\t\t\t\t<div class=\"elementor-widget-container\">\n\t\t\t\t\t<h1 class=\"elementor-heading-title elementor-size-xl\">A\u011fao\u011flu PVC Pencere Referanslar<\/h1>\t\t\t\t<\/div>\n\t\t\t\t<\/div>\n\t\t\t\t<div class=\"elementor-element elementor-element-6784da9 elementor-widget elementor-widget-heading\" data-id=\"6784da9\" data-element_type=\"widget\" data-e-type=\"widget\" data-widget_type=\"heading.default\">\n\t\t\t\t<div class=\"elementor-widget-container\">\n\t\t\t\t\t<p class=\"elementor-heading-title elementor-size-medium\">\u0130yi pvc pencere \u00fcretmek yetmez, eksiksiz ve g\u00fczel yap\u0131lm\u0131\u015f bir montaj, size y\u0131llar boyu sorunsuz hizmet edecek bir pvc pencere ve kap\u0131n\u0131n en \u00f6nemli tamamlay\u0131c\u0131s\u0131d\u0131r. <i>PVC Pencere Referanslar<\/i> '\u0131m\u0131zdan bir k\u0131sm\u0131n\u0131 bilgilerinize sunuyoruz.<\/p>\t\t\t\t<\/div>\n\t\t\t\t<\/div>\n\t\t\t\t<div class=\"elementor-element elementor-element-d6b75a8 elementor-widget elementor-widget-heading\" data-id=\"d6b75a8\" data-element_type=\"widget\" data-e-type=\"widget\" data-widget_type=\"heading.default\">\n\t\t\t\t<div class=\"elementor-widget-container\">\n\t\t\t\t\t<p class=\"elementor-heading-title elementor-size-medium\">Uygulama tipi, mimari ve \u0131s\u0131 yal\u0131t\u0131m\u0131 performans ihtiya\u00e7lar\u0131n\u0131za en uygun montaj \u015feklini belirliyor ve uyguluyoruz. Uv dayan\u0131ml\u0131, uzun \u00f6m\u00fcrl\u00fc yal\u0131t\u0131m slikonlar\u0131, \u015fi\u015fen yal\u0131t\u0131m bantlar\u0131, kenet lamalar\u0131 kullanarak, uzun \u00f6m\u00fcrl\u00fc, performans\u0131n\u0131 y\u0131llarca kaybetmeyecek uygulamalara imza at\u0131yoruz.<\/p>\t\t\t\t<\/div>\n\t\t\t\t<\/div>\n\t\t\t\t<div class=\"elementor-element elementor-element-d412402 elementor-widget elementor-widget-heading\" data-id=\"d412402\" data-element_type=\"widget\" data-e-type=\"widget\" data-widget_type=\"heading.default\">\n\t\t\t\t<div class=\"elementor-widget-container\">\n\t\t\t\t\t<p class=\"elementor-heading-title elementor-size-medium\">T\u00fcrkiye'nin 81 ilinde 3.000+ firman\u0131n, yurtd\u0131\u015f\u0131nda 52 \u00fclke y\u00fczlerce projenin tercihi, sekt\u00f6r\u00fcnde lider PVC Pencere ve kap\u0131 sistemleri \u00fcreticiyiz.<\/p>\t\t\t\t<\/div>\n\t\t\t\t<\/div>\n\t\t\t\t<section class=\"elementor-section elementor-inner-section elementor-element elementor-element-9667f7f elementor-section-full_width elementor-section-height-default elementor-section-height-default\" data-id=\"9667f7f\" data-element_type=\"section\" data-e-type=\"section\" data-settings=\"{&quot;jet_parallax_layout_list&quot;:[{&quot;jet_parallax_layout_image&quot;:{&quot;url&quot;:&quot;&quot;,&quot;id&quot;:&quot;&quot;,&quot;size&quot;:&quot;&quot;},&quot;_id&quot;:&quot;9a360e6&quot;,&quot;jet_parallax_layout_image_tablet&quot;:{&quot;url&quot;:&quot;&quot;,&quot;id&quot;:&quot;&quot;,&quot;size&quot;:&quot;&quot;},&quot;jet_parallax_layout_image_mobile&quot;:{&quot;url&quot;:&quot;&quot;,&quot;id&quot;:&quot;&quot;,&quot;size&quot;:&quot;&quot;},&quot;jet_parallax_layout_speed&quot;:{&quot;unit&quot;:&quot;%&quot;,&quot;size&quot;:50,&quot;sizes&quot;:[]},&quot;jet_parallax_layout_type&quot;:&quot;scroll&quot;,&quot;jet_parallax_layout_direction&quot;:&quot;1&quot;,&quot;jet_parallax_layout_fx_direction&quot;:null,&quot;jet_parallax_layout_z_index&quot;:&quot;&quot;,&quot;jet_parallax_layout_bg_x&quot;:50,&quot;jet_parallax_layout_bg_x_tablet&quot;:&quot;&quot;,&quot;jet_parallax_layout_bg_x_mobile&quot;:&quot;&quot;,&quot;jet_parallax_layout_bg_y&quot;:50,&quot;jet_parallax_layout_bg_y_tablet&quot;:&quot;&quot;,&quot;jet_parallax_layout_bg_y_mobile&quot;:&quot;&quot;,&quot;jet_parallax_layout_bg_size&quot;:&quot;auto&quot;,&quot;jet_parallax_layout_bg_size_tablet&quot;:&quot;&quot;,&quot;jet_parallax_layout_bg_size_mobile&quot;:&quot;&quot;,&quot;jet_parallax_layout_animation_prop&quot;:&quot;transform&quot;,&quot;jet_parallax_layout_on&quot;:[&quot;desktop&quot;,&quot;tablet&quot;]}]}\">\n\t\t\t\t\t\t<div class=\"elementor-container elementor-column-gap-default\">\n\t\t\t\t\t<div class=\"elementor-column elementor-col-100 elementor-inner-column elementor-element elementor-element-e00e342\" data-id=\"e00e342\" data-element_type=\"column\" data-e-type=\"column\">\n\t\t\t<div class=\"elementor-widget-wrap elementor-element-populated\">\n\t\t\t\t\t\t\t<\/div>\n\t\t<\/div>\n\t\t\t\t\t<\/div>\n\t\t<\/section>\n\t\t\t\t\t<\/div>\n\t\t<\/div>\n\t\t\t\t\t<\/div>\n\t\t<\/section>\n\t\t\t\t<section class=\"elementor-section elementor-top-section elementor-element elementor-element-d8b0b5c elementor-section-full_width elementor-section-content-middle elementor-section-height-default elementor-section-height-default\" data-id=\"d8b0b5c\" data-element_type=\"section\" data-e-type=\"section\" data-settings=\"{&quot;jet_parallax_layout_list&quot;:[{&quot;jet_parallax_layout_image&quot;:{&quot;url&quot;:&quot;&quot;,&quot;id&quot;:&quot;&quot;,&quot;size&quot;:&quot;&quot;},&quot;_id&quot;:&quot;b6284eb&quot;,&quot;jet_parallax_layout_image_tablet&quot;:{&quot;url&quot;:&quot;&quot;,&quot;id&quot;:&quot;&quot;,&quot;size&quot;:&quot;&quot;},&quot;jet_parallax_layout_image_mobile&quot;:{&quot;url&quot;:&quot;&quot;,&quot;id&quot;:&quot;&quot;,&quot;size&quot;:&quot;&quot;},&quot;jet_parallax_layout_speed&quot;:{&quot;unit&quot;:&quot;%&quot;,&quot;size&quot;:50,&quot;sizes&quot;:[]},&quot;jet_parallax_layout_type&quot;:&quot;scroll&quot;,&quot;jet_parallax_layout_direction&quot;:&quot;1&quot;,&quot;jet_parallax_layout_fx_direction&quot;:null,&quot;jet_parallax_layout_z_index&quot;:&quot;&quot;,&quot;jet_parallax_layout_bg_x&quot;:50,&quot;jet_parallax_layout_bg_x_tablet&quot;:&quot;&quot;,&quot;jet_parallax_layout_bg_x_mobile&quot;:&quot;&quot;,&quot;jet_parallax_layout_bg_y&quot;:50,&quot;jet_parallax_layout_bg_y_tablet&quot;:&quot;&quot;,&quot;jet_parallax_layout_bg_y_mobile&quot;:&quot;&quot;,&quot;jet_parallax_layout_bg_size&quot;:&quot;auto&quot;,&quot;jet_parallax_layout_bg_size_tablet&quot;:&quot;&quot;,&quot;jet_parallax_layout_bg_size_mobile&quot;:&quot;&quot;,&quot;jet_parallax_layout_animation_prop&quot;:&quot;transform&quot;,&quot;jet_parallax_layout_on&quot;:[&quot;desktop&quot;,&quot;tablet&quot;]}],&quot;background_background&quot;:&quot;classic&quot;}\">\n\t\t\t\t\t\t<div class=\"elementor-container elementor-column-gap-no\">\n\t\t\t\t\t<div class=\"elementor-column elementor-col-100 elementor-top-column elementor-element elementor-element-6bee4f1\" data-id=\"6bee4f1\" data-element_type=\"column\" data-e-type=\"column\">\n\t\t\t<div class=\"elementor-widget-wrap elementor-element-populated\">\n\t\t\t\t\t\t<div class=\"elementor-element elementor-element-e5ce42a elementor-widget elementor-widget-heading\" data-id=\"e5ce42a\" data-element_type=\"widget\" data-e-type=\"widget\" data-widget_type=\"heading.default\">\n\t\t\t\t<div class=\"elementor-widget-container\">\n\t\t\t\t\t<h2 class=\"elementor-heading-title elementor-size-large\"><a href=\"https:\/\/api.whatsapp.com\/send\/?phone=904442333&#038;text=Merhaba+hizmetinizle+ilgileniyorum&#038;app_absent=0\">Pvc Pencere projeleriniz i\u00e7in 444 2 333 WhatsAPP hatt\u0131m\u0131za ula\u015fabilirsiniz.<\/a><\/h2>\t\t\t\t<\/div>\n\t\t\t\t<\/div>\n\t\t\t\t\t<\/div>\n\t\t<\/div>\n\t\t\t\t\t<\/div>\n\t\t<\/section>\n\t\t\t\t<\/div>\n\t\t","protected":false},"excerpt":{"rendered":"<p>\u5bb6 \u963f\u9ad8\u683c\u9c81PVC\u7a97\u53e3\u53c2\u8003 \u4ec5\u4ec5\u751f\u4ea7\u51fa\u597d\u7684PVC\u7a97\u6237\u662f\u4e0d\u591f\u7684\uff0c\u5b8c\u6574\u800c\u7cbe\u7f8e\u7684\u5b89\u88c5\u662fPVC\u7a97\u6237\u548c\u95e8\u7684\u6700\u91cd\u8981\u8865\u5145\uff0c\u5b83 [&hellip;]<\/p>\n","protected":false},"author":1,"featured_media":0,"parent":0,"menu_order":0,"comment_status":"closed","ping_status":"closed","template":"elementor_header_footer","meta":{"_acf_changed":false,"inline_featured_image":false,"footnotes":""},"class_list":["post-149006","page","type-page","status-publish","hentry"],"acf":[],"yoast_head":"<!-- This site is optimized with the Yoast SEO Premium plugin v19.6 (Yoast SEO v27.4) - https:\/\/yoast.com\/product\/yoast-seo-premium-wordpress\/ -->\n<title>PVC \u7a97\u53e3\u5f15\u7528 - PVC \u5de5\u5382- Egepen Deceuninck \u53c2\u8003<\/title>\n<meta name=\"description\" content=\"\u6211\u4eec\u5728\u571f\u8033\u5176\u6700\u5148\u8fdb\u7684PVC\u7a97\u6237\u5de5\u5382\u751f\u4ea7\u548c\u5e94\u7528\u7684\u5404\u79cd\u56fd\u4ea7PVC\u7a97\u6237\u53c2\u8003\" \/>\n<meta name=\"robots\" content=\"index, follow, max-snippet:-1, max-image-preview:large, max-video-preview:-1\" \/>\n<link rel=\"canonical\" href=\"https:\/\/aga.com.tr\/zh-hans\/%e5%bc%95%e7%94%a8\/\" \/>\n<meta property=\"og:locale\" content=\"zh_CN\" \/>\n<meta property=\"og:type\" content=\"article\" \/>\n<meta property=\"og:title\" content=\"\u5f15\u7528\" \/>\n<meta property=\"og:description\" content=\"\u6211\u4eec\u5728\u571f\u8033\u5176\u6700\u5148\u8fdb\u7684PVC\u7a97\u6237\u5de5\u5382\u751f\u4ea7\u548c\u5e94\u7528\u7684\u5404\u79cd\u56fd\u4ea7PVC\u7a97\u6237\u53c2\u8003\" \/>\n<meta property=\"og:url\" content=\"https:\/\/aga.com.tr\/zh-hans\/%e5%bc%95%e7%94%a8\/\" \/>\n<meta property=\"og:site_name\" content=\"PVC Pencere Fiyatlar\u0131 | PVC Fabrikas\u0131 | Egepen | Deceuninck\" \/>\n<meta property=\"og:image\" content=\"https:\/\/aga.com.tr\/wp-content\/uploads\/dulda-insaat-kayseri-agaoglu-winlife-gealan-pvc-pencere-kapi-sistemleri.jpg\" \/>\n<meta name=\"twitter:card\" content=\"summary_large_image\" \/>\n<script type=\"application\/ld+json\" class=\"yoast-schema-graph\">{\"@context\":\"https:\\\/\\\/schema.org\",\"@graph\":[{\"@type\":\"WebPage\",\"@id\":\"https:\\\/\\\/aga.com.tr\\\/zh-hans\\\/%e5%bc%95%e7%94%a8\\\/\",\"url\":\"https:\\\/\\\/aga.com.tr\\\/zh-hans\\\/%e5%bc%95%e7%94%a8\\\/\",\"name\":\"PVC \u7a97\u53e3\u5f15\u7528 - PVC \u5de5\u5382- Egepen Deceuninck \u53c2\u8003\",\"isPartOf\":{\"@id\":\"https:\\\/\\\/aga.com.tr\\\/zh-hans\\\/#website\"},\"primaryImageOfPage\":{\"@id\":\"https:\\\/\\\/aga.com.tr\\\/zh-hans\\\/%e5%bc%95%e7%94%a8\\\/#primaryimage\"},\"image\":{\"@id\":\"https:\\\/\\\/aga.com.tr\\\/zh-hans\\\/%e5%bc%95%e7%94%a8\\\/#primaryimage\"},\"thumbnailUrl\":\"https:\\\/\\\/aga.com.tr\\\/wp-content\\\/uploads\\\/dulda-insaat-kayseri-agaoglu-winlife-gealan-pvc-pencere-kapi-sistemleri.jpg\",\"datePublished\":\"2021-12-16T08:29:10+00:00\",\"description\":\"\u6211\u4eec\u5728\u571f\u8033\u5176\u6700\u5148\u8fdb\u7684PVC\u7a97\u6237\u5de5\u5382\u751f\u4ea7\u548c\u5e94\u7528\u7684\u5404\u79cd\u56fd\u4ea7PVC\u7a97\u6237\u53c2\u8003\",\"breadcrumb\":{\"@id\":\"https:\\\/\\\/aga.com.tr\\\/zh-hans\\\/%e5%bc%95%e7%94%a8\\\/#breadcrumb\"},\"inLanguage\":\"zh-Hans\",\"potentialAction\":[{\"@type\":\"ReadAction\",\"target\":[\"https:\\\/\\\/aga.com.tr\\\/zh-hans\\\/%e5%bc%95%e7%94%a8\\\/\"]}]},{\"@type\":\"ImageObject\",\"inLanguage\":\"zh-Hans\",\"@id\":\"https:\\\/\\\/aga.com.tr\\\/zh-hans\\\/%e5%bc%95%e7%94%a8\\\/#primaryimage\",\"url\":\"https:\\\/\\\/aga.com.tr\\\/wp-content\\\/uploads\\\/dulda-insaat-kayseri-agaoglu-winlife-gealan-pvc-pencere-kapi-sistemleri.jpg\",\"contentUrl\":\"https:\\\/\\\/aga.com.tr\\\/wp-content\\\/uploads\\\/dulda-insaat-kayseri-agaoglu-winlife-gealan-pvc-pencere-kapi-sistemleri.jpg\"},{\"@type\":\"BreadcrumbList\",\"@id\":\"https:\\\/\\\/aga.com.tr\\\/zh-hans\\\/%e5%bc%95%e7%94%a8\\\/#breadcrumb\",\"itemListElement\":[{\"@type\":\"ListItem\",\"position\":1,\"name\":\"Anasayfa\",\"item\":\"https:\\\/\\\/aga.com.tr\\\/zh-hans\\\/\"},{\"@type\":\"ListItem\",\"position\":2,\"name\":\"\u5f15\u7528\"}]},{\"@type\":\"WebSite\",\"@id\":\"https:\\\/\\\/aga.com.tr\\\/zh-hans\\\/#website\",\"url\":\"https:\\\/\\\/aga.com.tr\\\/zh-hans\\\/\",\"name\":\"PVC Pencere Fiyatlar\u0131 | PVC Fabrikas\u0131 | Egepen | Deceuninck\",\"description\":\"T\u00fcrkiye&#039;nin en b\u00fcy\u00fck PVC Pencere Kap\u0131 Fabrikas\u0131nda, Agaoglu kalitesi ve fiyatlar\u0131yla, Egepen Deceuninck Gealan profillerini \u00fcreterek, d\u00fcnyaya g\u00f6nderiyoruz.\",\"publisher\":{\"@id\":\"https:\\\/\\\/aga.com.tr\\\/zh-hans\\\/#organization\"},\"potentialAction\":[{\"@type\":\"SearchAction\",\"target\":{\"@type\":\"EntryPoint\",\"urlTemplate\":\"https:\\\/\\\/aga.com.tr\\\/zh-hans\\\/?s={search_term_string}\"},\"query-input\":{\"@type\":\"PropertyValueSpecification\",\"valueRequired\":true,\"valueName\":\"search_term_string\"}}],\"inLanguage\":\"zh-Hans\"},{\"@type\":\"Organization\",\"@id\":\"https:\\\/\\\/aga.com.tr\\\/zh-hans\\\/#organization\",\"name\":\"PVC Pencere Fiyatlar\u0131 | PVC Fabrikas\u0131 | Egepen | Deceuninck\",\"url\":\"https:\\\/\\\/aga.com.tr\\\/zh-hans\\\/\",\"logo\":{\"@type\":\"ImageObject\",\"inLanguage\":\"zh-Hans\",\"@id\":\"https:\\\/\\\/aga.com.tr\\\/zh-hans\\\/#\\\/schema\\\/logo\\\/image\\\/\",\"url\":\"https:\\\/\\\/aga.com.tr\\\/wp-content\\\/uploads\\\/2020\\\/10\\\/agaoglu-pvc-logo-1.svg\",\"contentUrl\":\"https:\\\/\\\/aga.com.tr\\\/wp-content\\\/uploads\\\/2020\\\/10\\\/agaoglu-pvc-logo-1.svg\",\"width\":144,\"height\":48,\"caption\":\"PVC Pencere Fiyatlar\u0131 | PVC Fabrikas\u0131 | Egepen | Deceuninck\"},\"image\":{\"@id\":\"https:\\\/\\\/aga.com.tr\\\/zh-hans\\\/#\\\/schema\\\/logo\\\/image\\\/\"}}]}<\/script>\n<!-- \/ Yoast SEO Premium plugin. -->","yoast_head_json":{"title":"PVC \u7a97\u53e3\u5f15\u7528 - PVC \u5de5\u5382- Egepen Deceuninck \u53c2\u8003","description":"\u6211\u4eec\u5728\u571f\u8033\u5176\u6700\u5148\u8fdb\u7684PVC\u7a97\u6237\u5de5\u5382\u751f\u4ea7\u548c\u5e94\u7528\u7684\u5404\u79cd\u56fd\u4ea7PVC\u7a97\u6237\u53c2\u8003","robots":{"index":"index","follow":"follow","max-snippet":"max-snippet:-1","max-image-preview":"max-image-preview:large","max-video-preview":"max-video-preview:-1"},"canonical":"https:\/\/aga.com.tr\/zh-hans\/%e5%bc%95%e7%94%a8\/","og_locale":"zh_CN","og_type":"article","og_title":"\u5f15\u7528","og_description":"\u6211\u4eec\u5728\u571f\u8033\u5176\u6700\u5148\u8fdb\u7684PVC\u7a97\u6237\u5de5\u5382\u751f\u4ea7\u548c\u5e94\u7528\u7684\u5404\u79cd\u56fd\u4ea7PVC\u7a97\u6237\u53c2\u8003","og_url":"https:\/\/aga.com.tr\/zh-hans\/%e5%bc%95%e7%94%a8\/","og_site_name":"PVC Pencere Fiyatlar\u0131 | PVC Fabrikas\u0131 | Egepen | Deceuninck","og_image":[{"url":"https:\/\/aga.com.tr\/wp-content\/uploads\/dulda-insaat-kayseri-agaoglu-winlife-gealan-pvc-pencere-kapi-sistemleri.jpg","type":"","width":"","height":""}],"twitter_card":"summary_large_image","schema":{"@context":"https:\/\/schema.org","@graph":[{"@type":"WebPage","@id":"https:\/\/aga.com.tr\/zh-hans\/%e5%bc%95%e7%94%a8\/","url":"https:\/\/aga.com.tr\/zh-hans\/%e5%bc%95%e7%94%a8\/","name":"PVC \u7a97\u53e3\u5f15\u7528 - PVC \u5de5\u5382- Egepen Deceuninck \u53c2\u8003","isPartOf":{"@id":"https:\/\/aga.com.tr\/zh-hans\/#website"},"primaryImageOfPage":{"@id":"https:\/\/aga.com.tr\/zh-hans\/%e5%bc%95%e7%94%a8\/#primaryimage"},"image":{"@id":"https:\/\/aga.com.tr\/zh-hans\/%e5%bc%95%e7%94%a8\/#primaryimage"},"thumbnailUrl":"https:\/\/aga.com.tr\/wp-content\/uploads\/dulda-insaat-kayseri-agaoglu-winlife-gealan-pvc-pencere-kapi-sistemleri.jpg","datePublished":"2021-12-16T08:29:10+00:00","description":"\u6211\u4eec\u5728\u571f\u8033\u5176\u6700\u5148\u8fdb\u7684PVC\u7a97\u6237\u5de5\u5382\u751f\u4ea7\u548c\u5e94\u7528\u7684\u5404\u79cd\u56fd\u4ea7PVC\u7a97\u6237\u53c2\u8003","breadcrumb":{"@id":"https:\/\/aga.com.tr\/zh-hans\/%e5%bc%95%e7%94%a8\/#breadcrumb"},"inLanguage":"zh-Hans","potentialAction":[{"@type":"ReadAction","target":["https:\/\/aga.com.tr\/zh-hans\/%e5%bc%95%e7%94%a8\/"]}]},{"@type":"ImageObject","inLanguage":"zh-Hans","@id":"https:\/\/aga.com.tr\/zh-hans\/%e5%bc%95%e7%94%a8\/#primaryimage","url":"https:\/\/aga.com.tr\/wp-content\/uploads\/dulda-insaat-kayseri-agaoglu-winlife-gealan-pvc-pencere-kapi-sistemleri.jpg","contentUrl":"https:\/\/aga.com.tr\/wp-content\/uploads\/dulda-insaat-kayseri-agaoglu-winlife-gealan-pvc-pencere-kapi-sistemleri.jpg"},{"@type":"BreadcrumbList","@id":"https:\/\/aga.com.tr\/zh-hans\/%e5%bc%95%e7%94%a8\/#breadcrumb","itemListElement":[{"@type":"ListItem","position":1,"name":"Anasayfa","item":"https:\/\/aga.com.tr\/zh-hans\/"},{"@type":"ListItem","position":2,"name":"\u5f15\u7528"}]},{"@type":"WebSite","@id":"https:\/\/aga.com.tr\/zh-hans\/#website","url":"https:\/\/aga.com.tr\/zh-hans\/","name":"PVC Pencere Fiyatlar\u0131 | PVC Fabrikas\u0131 | Egepen | Deceuninck","description":"T\u00fcrkiye&#039;nin en b\u00fcy\u00fck PVC Pencere Kap\u0131 Fabrikas\u0131nda, Agaoglu kalitesi ve fiyatlar\u0131yla, Egepen Deceuninck Gealan profillerini \u00fcreterek, d\u00fcnyaya g\u00f6nderiyoruz.","publisher":{"@id":"https:\/\/aga.com.tr\/zh-hans\/#organization"},"potentialAction":[{"@type":"SearchAction","target":{"@type":"EntryPoint","urlTemplate":"https:\/\/aga.com.tr\/zh-hans\/?s={search_term_string}"},"query-input":{"@type":"PropertyValueSpecification","valueRequired":true,"valueName":"search_term_string"}}],"inLanguage":"zh-Hans"},{"@type":"Organization","@id":"https:\/\/aga.com.tr\/zh-hans\/#organization","name":"PVC Pencere Fiyatlar\u0131 | PVC Fabrikas\u0131 | Egepen | Deceuninck","url":"https:\/\/aga.com.tr\/zh-hans\/","logo":{"@type":"ImageObject","inLanguage":"zh-Hans","@id":"https:\/\/aga.com.tr\/zh-hans\/#\/schema\/logo\/image\/","url":"https:\/\/aga.com.tr\/wp-content\/uploads\/2020\/10\/agaoglu-pvc-logo-1.svg","contentUrl":"https:\/\/aga.com.tr\/wp-content\/uploads\/2020\/10\/agaoglu-pvc-logo-1.svg","width":144,"height":48,"caption":"PVC Pencere Fiyatlar\u0131 | PVC Fabrikas\u0131 | Egepen | Deceuninck"},"image":{"@id":"https:\/\/aga.com.tr\/zh-hans\/#\/schema\/logo\/image\/"}}]}},"_links":{"self":[{"href":"https:\/\/aga.com.tr\/zh-hans\/wp-json\/wp\/v2\/pages\/149006","targetHints":{"allow":["GET"]}}],"collection":[{"href":"https:\/\/aga.com.tr\/zh-hans\/wp-json\/wp\/v2\/pages"}],"about":[{"href":"https:\/\/aga.com.tr\/zh-hans\/wp-json\/wp\/v2\/types\/page"}],"author":[{"embeddable":true,"href":"https:\/\/aga.com.tr\/zh-hans\/wp-json\/wp\/v2\/users\/1"}],"replies":[{"embeddable":true,"href":"https:\/\/aga.com.tr\/zh-hans\/wp-json\/wp\/v2\/comments?post=149006"}],"version-history":[{"count":0,"href":"https:\/\/aga.com.tr\/zh-hans\/wp-json\/wp\/v2\/pages\/149006\/revisions"}],"wp:attachment":[{"href":"https:\/\/aga.com.tr\/zh-hans\/wp-json\/wp\/v2\/media?parent=149006"}],"curies":[{"name":"wp","href":"https:\/\/api.w.org\/{rel}","templated":true}]}}